{"id":263,"date":"2016-08-10T21:10:49","date_gmt":"2016-08-10T19:10:49","guid":{"rendered":"http:\/\/jochen-schramm.de\/?page_id=263"},"modified":"2025-03-16T10:58:49","modified_gmt":"2025-03-16T09:58:49","slug":"kontakt","status":"publish","type":"page","link":"https:\/\/entdeckedeinemenschlichkeit.de\/wp\/kontakt\/","title":{"rendered":"Kontakt"},"content":{"rendered":"\t\t<div data-elementor-type=\"wp-page\" data-elementor-id=\"263\" class=\"elementor elementor-263\" data-elementor-settings=\"{&quot;ha_cmc_init_switcher&quot;:&quot;no&quot;}\">\n\t\t\t\t\t\t<section class=\"elementor-section elementor-top-section elementor-element elementor-element-4c2e608 elementor-section-boxed elementor-section-height-default elementor-section-height-default\" data-id=\"4c2e608\" data-element_type=\"section\" data-e-type=\"section\" data-settings=\"{&quot;_ha_eqh_enable&quot;:false}\">\n\t\t\t\t\t\t<div class=\"elementor-container elementor-column-gap-default\">\n\t\t\t\t\t<div class=\"elementor-column elementor-col-100 elementor-top-column elementor-element elementor-element-fe84c12\" data-id=\"fe84c12\" data-element_type=\"column\" data-e-type=\"column\">\n\t\t\t<div class=\"elementor-widget-wrap elementor-element-populated\">\n\t\t\t\t\t\t<div class=\"elementor-element elementor-element-f2e4777 elementor-widget elementor-widget-text-editor\" data-id=\"f2e4777\" data-element_type=\"widget\" data-e-type=\"widget\" data-widget_type=\"text-editor.default\">\n\t\t\t\t<div class=\"elementor-widget-container\">\n\t\t\t\t\t\t\t\t\t<p>Du kannst ein bisschen Computerunterst\u00fctzung brauchen? Schau doch mal hier: <a href=\"https:\/\/computerhilfe-schramm.de\/\" target=\"_blank\" rel=\"noopener\">computerhilfe-schramm.de<\/a><\/p>\t\t\t\t\t\t\t\t<\/div>\n\t\t\t\t<\/div>\n\t\t\t\t\t<\/div>\n\t\t<\/div>\n\t\t\t\t\t<\/div>\n\t\t<\/section>\n\t\t\t\t<section class=\"elementor-section elementor-top-section elementor-element elementor-element-2b45249 elementor-section-boxed elementor-section-height-default elementor-section-height-default\" data-id=\"2b45249\" data-element_type=\"section\" data-e-type=\"section\" data-settings=\"{&quot;_ha_eqh_enable&quot;:false}\">\n\t\t\t\t\t\t<div class=\"elementor-container elementor-column-gap-default\">\n\t\t\t\t\t<div class=\"elementor-column elementor-col-100 elementor-top-column elementor-element elementor-element-5fe00ed\" data-id=\"5fe00ed\" data-element_type=\"column\" data-e-type=\"column\">\n\t\t\t<div class=\"elementor-widget-wrap elementor-element-populated\">\n\t\t\t\t\t\t<div class=\"elementor-element elementor-element-c21fee0 elementor-widget elementor-widget-text-editor\" data-id=\"c21fee0\" data-element_type=\"widget\" data-e-type=\"widget\" data-widget_type=\"text-editor.default\">\n\t\t\t\t<div class=\"elementor-widget-container\">\n\t\t\t\t\t\t\t\t\t<p>Du bist \u00e4ngstlich und wei\u00dft nicht wie damit umgehen? Dann bin ich dein Mann! Ich hatte sehr viel Angst und bin auch heute nicht davor gefeit, inzwischen wei\u00df ich aber meist, wie damit umgehen, was vielleicht auch dir helfen kann<\/p>\t\t\t\t\t\t\t\t<\/div>\n\t\t\t\t<\/div>\n\t\t\t\t\t<\/div>\n\t\t<\/div>\n\t\t\t\t\t<\/div>\n\t\t<\/section>\n\t\t\t\t<section class=\"elementor-section elementor-top-section elementor-element elementor-element-ade35c3 elementor-section-boxed elementor-section-height-default elementor-section-height-default\" data-id=\"ade35c3\" data-element_type=\"section\" data-e-type=\"section\" data-settings=\"{&quot;_ha_eqh_enable&quot;:false}\">\n\t\t\t\t\t\t<div class=\"elementor-container elementor-column-gap-default\">\n\t\t\t\t\t<div class=\"elementor-column elementor-col-100 elementor-top-column elementor-element elementor-element-ec8fad8\" data-id=\"ec8fad8\" data-element_type=\"column\" data-e-type=\"column\">\n\t\t\t<div class=\"elementor-widget-wrap elementor-element-populated\">\n\t\t\t\t\t\t<div class=\"elementor-element elementor-element-2437730 elementor-widget elementor-widget-text-editor\" data-id=\"2437730\" data-element_type=\"widget\" data-e-type=\"widget\" data-widget_type=\"text-editor.default\">\n\t\t\t\t<div class=\"elementor-widget-container\">\n\t\t\t\t\t\t\t\t\t<p>Falls du mir Geld zukommen lassen willst:<a href=\"https:\/\/www.paypal.me\/JochenSchramm\" target=\"_blank\" rel=\"noopener\"> PayPal<\/a><\/p>\t\t\t\t\t\t\t\t<\/div>\n\t\t\t\t<\/div>\n\t\t\t\t\t<\/div>\n\t\t<\/div>\n\t\t\t\t\t<\/div>\n\t\t<\/section>\n\t\t\t\t<section class=\"elementor-section elementor-top-section elementor-element elementor-element-6df24aa elementor-section-boxed elementor-section-height-default elementor-section-height-default\" data-id=\"6df24aa\" data-element_type=\"section\" data-e-type=\"section\" data-settings=\"{&quot;_ha_eqh_enable&quot;:false}\">\n\t\t\t\t\t\t<div class=\"elementor-container elementor-column-gap-default\">\n\t\t\t\t\t<div class=\"elementor-column elementor-col-100 elementor-top-column elementor-element elementor-element-47a27ad\" data-id=\"47a27ad\" data-element_type=\"column\" data-e-type=\"column\">\n\t\t\t<div class=\"elementor-widget-wrap elementor-element-populated\">\n\t\t\t\t\t\t<div class=\"elementor-element elementor-element-c006145 elementor-widget elementor-widget-shortcode\" data-id=\"c006145\" data-element_type=\"widget\" data-e-type=\"widget\" data-widget_type=\"shortcode.default\">\n\t\t\t\t<div class=\"elementor-widget-container\">\n\t\t\t\t\t\t\t<div class=\"elementor-shortcode\"><div class=\"impressum__imprint-container\"><dl><dt>Name<\/dt><dd>Jochen Schramm<\/dd><dt>Adresse<\/dt><dd>Am Taubenfeld 11<br \/>\r\n69123 Heidelberg<\/dd><dt>E-Mail-Adresse<\/dt><dd><a href=\"mailto:mail@jochenschramm.de\">mail@jochenschramm.de<\/a><\/dd><dt>Telefon<\/dt><dd>017678011426<\/dd><dt>Umsatzsteuer-ID<\/dt><dd>61943685078<\/dd><\/dl><\/div><\/div>\n\t\t\t\t\t\t<\/div>\n\t\t\t\t<\/div>\n\t\t\t\t\t<\/div>\n\t\t<\/div>\n\t\t\t\t\t<\/div>\n\t\t<\/section>\n\t\t\t\t<\/div>\n\t\t","protected":false},"excerpt":{"rendered":"<p>Du kannst ein bisschen Computerunterst\u00fctzung brauchen? Schau doch mal hier: computerhilfe-schramm.de Du bist \u00e4ngstlich und wei\u00dft nicht wie damit umgehen? Dann bin ich dein Mann! Ich hatte sehr viel Angst und bin auch heute nicht davor gefeit, inzwischen wei\u00df ich aber meist, wie damit umgehen, was vielleicht auch dir helfen kann Falls du mir Geld &hellip; <\/p>\n<p class=\"link-more\"><a href=\"https:\/\/entdeckedeinemenschlichkeit.de\/wp\/kontakt\/\" class=\"more-link\"><span class=\"screen-reader-text\">\u201eKontakt\u201c <\/span>weiterlesen<\/a><\/p>\n","protected":false},"author":1,"featured_media":0,"parent":0,"menu_order":0,"comment_status":"closed","ping_status":"open","template":"","meta":{"footnotes":""},"class_list":["post-263","page","type-page","status-publish","hentry"],"jetpack_sharing_enabled":true,"_links":{"self":[{"href":"https:\/\/entdeckedeinemenschlichkeit.de\/wp\/wp-json\/wp\/v2\/pages\/263","targetHints":{"allow":["GET"]}}],"collection":[{"href":"https:\/\/entdeckedeinemenschlichkeit.de\/wp\/wp-json\/wp\/v2\/pages"}],"about":[{"href":"https:\/\/entdeckedeinemenschlichkeit.de\/wp\/wp-json\/wp\/v2\/types\/page"}],"author":[{"embeddable":true,"href":"https:\/\/entdeckedeinemenschlichkeit.de\/wp\/wp-json\/wp\/v2\/users\/1"}],"replies":[{"embeddable":true,"href":"https:\/\/entdeckedeinemenschlichkeit.de\/wp\/wp-json\/wp\/v2\/comments?post=263"}],"version-history":[{"count":61,"href":"https:\/\/entdeckedeinemenschlichkeit.de\/wp\/wp-json\/wp\/v2\/pages\/263\/revisions"}],"predecessor-version":[{"id":2027,"href":"https:\/\/entdeckedeinemenschlichkeit.de\/wp\/wp-json\/wp\/v2\/pages\/263\/revisions\/2027"}],"wp:attachment":[{"href":"https:\/\/entdeckedeinemenschlichkeit.de\/wp\/wp-json\/wp\/v2\/media?parent=263"}],"curies":[{"name":"wp","href":"https:\/\/api.w.org\/{rel}","templated":true}]}}